{"id":3219,"date":"2023-08-30T14:29:14","date_gmt":"2023-08-30T14:29:14","guid":{"rendered":"http:\/\/bikescape.axtratechnology.com\/?page_id=3219"},"modified":"2024-09-27T07:47:02","modified_gmt":"2024-09-27T07:47:02","slug":"about-us","status":"publish","type":"page","link":"https:\/\/bikescape.com.au\/es\/about-us\/","title":{"rendered":"&nbsp;&nbsp;&nbsp;Nosotros"},"content":{"rendered":"<div data-vc-full-width=\"true\" data-vc-full-width-init=\"false\" data-vc-stretch-content=\"true\" class=\"vc_row wpb_row vc_row-fluid vc_custom_1698289952351\" ><div class=\"wpb_column vc_column_container vc_col-sm-6 vc_hidden-sm vc_hidden-xs\"><div class=\"vc_column-inner vc_custom_1698898606198\"><div class=\"wpb_wrapper\"><div class=\"vc_empty_space\"   style=\"height: 40px\"><span class=\"vc_empty_space_inner\"><\/span><\/div>\n\t<div  class=\"wpb_single_image wpb_content_element vc_align_left\">\n\t\t\n\t\t<figure class=\"wpb_wrapper vc_figure\">\n\t\t\t<div class=\"vc_single_image-wrapper   vc_box_border_grey\"><img loading=\"lazy\" decoding=\"async\" width=\"1200\" height=\"675\" src=\"https:\/\/bikescape.com.au\/wp-content\/uploads\/2024\/09\/about-us-bikeskape-sydney-motorlab.jpg\" class=\"vc_single_image-img attachment-full\" alt=\"Motorbyke and scooter services in Sydney\" title=\"\" srcset=\"https:\/\/bikescape.com.au\/wp-content\/uploads\/2024\/09\/about-us-bikeskape-sydney-motorlab.jpg 1200w, https:\/\/bikescape.com.au\/wp-content\/uploads\/2024\/09\/about-us-bikeskape-sydney-motorlab-300x169.jpg 300w, https:\/\/bikescape.com.au\/wp-content\/uploads\/2024\/09\/about-us-bikeskape-sydney-motorlab-1024x576.jpg 1024w, https:\/\/bikescape.com.au\/wp-content\/uploads\/2024\/09\/about-us-bikeskape-sydney-motorlab-768x432.jpg 768w, https:\/\/bikescape.com.au\/wp-content\/uploads\/2024\/09\/about-us-bikeskape-sydney-motorlab-18x10.jpg 18w, https:\/\/bikescape.com.au\/wp-content\/uploads\/2024\/09\/about-us-bikeskape-sydney-motorlab-900x506.jpg 900w, https:\/\/bikescape.com.au\/wp-content\/uploads\/2024\/09\/about-us-bikeskape-sydney-motorlab-600x338.jpg 600w\" sizes=\"auto, (max-width: 1200px) 100vw, 1200px\" \/><\/div>\n\t\t<\/figure>\n\t<\/div>\n<\/div><\/div><\/div><div class=\"about-text wpb_column vc_column_container vc_col-sm-6 vc_hidden-sm vc_hidden-xs\"><div class=\"vc_column-inner vc_custom_1698898808864\"><div class=\"wpb_wrapper\"><div class=\"vc_empty_space\"   style=\"height: 70px\"><span class=\"vc_empty_space_inner\"><\/span><\/div><div class=\"mkdf-section-title-holder    mkdf-has-appear-animation\" >\n\t<div class=\"mkdf-st-inner\">\n\t\t\t<span class=\"mkdf-st-tagline\" style=\"color: #0275bd\">\n\t\t\tSobre Nosotros\t\t<\/span>\n\t\t\t\t\t\t<h3 class=\"mkdf-st-title\" style=\"color: #000000\">\n\t\t\t\t\t\t\t\t\tTALLER DE MOTOCICLETAS Y SCOOTERS\t\t\t\t\t\t\t<\/h3>\n\t\t\t\t\t\t\t<\/div>\n<\/div><div class=\"vc_empty_space\"   style=\"height: 20px\"><span class=\"vc_empty_space_inner\"><\/span><\/div>\n\t<div class=\"wpb_text_column wpb_content_element  vc_custom_1727417769729\" >\n\t\t<div class=\"wpb_wrapper\">\n\t\t\t<p style=\"text-align: justify;\"><span style=\"font-weight: 400; font-size: 10pt;\">Desde 2024, el taller de Bikescape se encuentra estrat\u00e9gicamente ubicado en la zona interior oeste de Sydney, a trav\u00e9s de la famosa ruta Paramatta, el punto perfecto para que los fan\u00e1ticos de la velocidad puedan encontrarnos cuando lo necesiten.\u00a0<\/span><\/p>\n<p style=\"text-align: justify;\"><span style=\"font-weight: 400; font-size: 10pt;\">Respaldados por una cuidada reputaci\u00f3n y la confianza de nuestros clientes, los expertos que conforman Motorbiker se especializan en reparar minuciosamente bicicletas, scooters y motos da\u00f1adas tras sufrir alg\u00fan tipo de altercado en mayor o menor medida. Por si fuera poco, tambi\u00e9n ofrecemos mantenimiento peri\u00f3dico asegurando el funcionamiento adecuado del veh\u00edculo una vez que vuelva a la carretera.<\/span><\/p>\n<p style=\"text-align: justify;\"><span style=\"font-weight: 400; font-size: 10pt;\">Ante cualquier interrogante<a href=\"https:\/\/bikescape.com.au\/es\/contact\/\">Cont\u00e1ctanos<\/a>no dudes en escribir a la casilla de \u201cContacto\u201d y nos comunicaremos lo m\u00e1s pronto posible para servirte.<\/span><\/p>\n\n\t\t<\/div>\n\t<\/div>\n<\/div><\/div><\/div><\/div><div class=\"vc_row-full-width vc_clearfix\"><\/div><div class=\"mkdf-row-grid-section-wrapper\"  ><div class=\"mkdf-row-grid-section\"><div class=\"vc_row wpb_row vc_row-fluid vc_custom_1727418040294\" ><div class=\"wpb_column vc_column_container vc_col-sm-12 vc_hidden-lg vc_hidden-md\"><div class=\"vc_column-inner\"><div class=\"wpb_wrapper\"><div class=\"mkdf-section-title-holder    mkdf-has-appear-animation\" >\n\t<div class=\"mkdf-st-inner\">\n\t\t\t<span class=\"mkdf-st-tagline\" style=\"color: #0275bd\">\n\t\t\tSobre Nosotros\t\t<\/span>\n\t\t\t\t\t\t<h3 class=\"mkdf-st-title\" style=\"color: #000000\">\n\t\t\t\t\t\t\t\t\tTALLER DE MOTOCICLETAS Y SCOOTERS\t\t\t\t\t\t\t<\/h3>\n\t\t\t\t\t\t\t<\/div>\n<\/div><div class=\"vc_empty_space\"   style=\"height: 40px\"><span class=\"vc_empty_space_inner\"><\/span><\/div>\n\t<div class=\"wpb_text_column wpb_content_element  vc_custom_1727423220592\" >\n\t\t<div class=\"wpb_wrapper\">\n\t\t\t<p style=\"text-align: justify;\"><span style=\"font-weight: 400; font-size: 10pt;\">Desde 2024, el taller de Bikescape se encuentra estrat\u00e9gicamente ubicado en la zona interior oeste de Sydney, a trav\u00e9s de la famosa ruta Paramatta, el punto perfecto para que los fan\u00e1ticos de la velocidad puedan encontrarnos cuando lo necesiten.\u00a0<\/span><\/p>\n<p style=\"text-align: justify;\"><span style=\"font-weight: 400; font-size: 10pt;\">Respaldados por una cuidada reputaci\u00f3n y la confianza de nuestros clientes, los expertos que conforman Motorbiker se especializan en reparar minuciosamente bicicletas, scooters y motos da\u00f1adas tras sufrir alg\u00fan tipo de altercado en mayor o menor medida. Por si fuera poco, tambi\u00e9n ofrecemos mantenimiento peri\u00f3dico asegurando el funcionamiento adecuado del veh\u00edculo una vez que vuelva a la carretera.<\/span><\/p>\n<p style=\"text-align: justify;\"><span style=\"font-weight: 400; font-size: 10pt;\">Ante cualquier interrogante<a href=\"https:\/\/bikescape.com.au\/es\/contact\/\">Cont\u00e1ctanos<\/a>no dudes en escribir a la casilla de \u201cContacto\u201d y nos comunicaremos lo m\u00e1s pronto posible para servirte.<\/span><\/p>\n\n\t\t<\/div>\n\t<\/div>\n<\/div><\/div><\/div><\/div><\/div><\/div><div data-vc-full-width=\"true\" data-vc-full-width-init=\"false\" data-vc-stretch-content=\"true\" class=\"vc_row wpb_row vc_row-fluid vc_custom_1727423071940\" ><div class=\"wpb_column vc_column_container vc_col-sm-12 vc_hidden-lg vc_hidden-md\"><div class=\"vc_column-inner vc_custom_1727423063788\"><div class=\"wpb_wrapper\">\n\t<div  class=\"wpb_single_image wpb_content_element vc_align_center  vc_custom_1727423057373\">\n\t\t\n\t\t<figure class=\"wpb_wrapper vc_figure\">\n\t\t\t<div class=\"vc_single_image-wrapper   vc_box_border_grey\"><img loading=\"lazy\" decoding=\"async\" width=\"1200\" height=\"675\" src=\"https:\/\/bikescape.com.au\/wp-content\/uploads\/2024\/09\/motorbyke-services-sydney.jpg\" class=\"vc_single_image-img attachment-full\" alt=\"Motorbyke and scooter services in Sydney\" title=\"\" srcset=\"https:\/\/bikescape.com.au\/wp-content\/uploads\/2024\/09\/motorbyke-services-sydney.jpg 1200w, https:\/\/bikescape.com.au\/wp-content\/uploads\/2024\/09\/motorbyke-services-sydney-300x169.jpg 300w, https:\/\/bikescape.com.au\/wp-content\/uploads\/2024\/09\/motorbyke-services-sydney-1024x576.jpg 1024w, https:\/\/bikescape.com.au\/wp-content\/uploads\/2024\/09\/motorbyke-services-sydney-768x432.jpg 768w, https:\/\/bikescape.com.au\/wp-content\/uploads\/2024\/09\/motorbyke-services-sydney-18x10.jpg 18w, https:\/\/bikescape.com.au\/wp-content\/uploads\/2024\/09\/motorbyke-services-sydney-900x506.jpg 900w, https:\/\/bikescape.com.au\/wp-content\/uploads\/2024\/09\/motorbyke-services-sydney-600x338.jpg 600w\" sizes=\"auto, (max-width: 1200px) 100vw, 1200px\" \/><\/div>\n\t\t<\/figure>\n\t<\/div>\n<\/div><\/div><\/div><\/div><div class=\"vc_row-full-width vc_clearfix\"><\/div>","protected":false},"excerpt":{"rendered":"ABOUT US MOTORCYCLES &amp; SCOOTER WORKSHOP SERVICE Since (2004), Bikescape's workshop is strategically located in Sydney's inner west, across the famous Paramatta Road. The perfect spot for \"speed freaks\" to find us when they need it.\u00a0 Supported by a well-earned reputation and the trust of our customers, the Motorbiker team specialize [...]","protected":false},"author":5,"featured_media":0,"parent":0,"menu_order":0,"comment_status":"closed","ping_status":"closed","template":"full-width.php","meta":{"om_disable_all_campaigns":false,"inline_featured_image":false,"_monsterinsights_skip_tracking":false,"_monsterinsights_sitenote_active":false,"_monsterinsights_sitenote_note":"","_monsterinsights_sitenote_category":0,"footnotes":""},"class_list":["post-3219","page","type-page","status-publish","hentry"],"aioseo_notices":[],"_links":{"self":[{"href":"https:\/\/bikescape.com.au\/es\/wp-json\/wp\/v2\/pages\/3219","targetHints":{"allow":["GET"]}}],"collection":[{"href":"https:\/\/bikescape.com.au\/es\/wp-json\/wp\/v2\/pages"}],"about":[{"href":"https:\/\/bikescape.com.au\/es\/wp-json\/wp\/v2\/types\/page"}],"author":[{"embeddable":true,"href":"https:\/\/bikescape.com.au\/es\/wp-json\/wp\/v2\/users\/5"}],"replies":[{"embeddable":true,"href":"https:\/\/bikescape.com.au\/es\/wp-json\/wp\/v2\/comments?post=3219"}],"version-history":[{"count":62,"href":"https:\/\/bikescape.com.au\/es\/wp-json\/wp\/v2\/pages\/3219\/revisions"}],"predecessor-version":[{"id":3221,"href":"https:\/\/bikescape.com.au\/es\/wp-json\/wp\/v2\/pages\/3219\/revisions\/3221"}],"wp:attachment":[{"href":"https:\/\/bikescape.com.au\/es\/wp-json\/wp\/v2\/media?parent=3219"}],"curies":[{"name":"wp","href":"https:\/\/api.w.org\/{rel}","templated":true}]}}